{"id":5090,"date":"2022-05-19T17:08:26","date_gmt":"2022-05-19T15:08:26","guid":{"rendered":"https:\/\/seii.org\/?page_id=5090"},"modified":"2022-05-19T17:35:17","modified_gmt":"2022-05-19T15:35:17","slug":"medecine-biologie-genie-genetique","status":"publish","type":"page","link":"https:\/\/seii.org\/en\/medecine-biologie-genie-genetique\/","title":{"rendered":"* M\u00e9decine, Biologie, G\u00e9nie g\u00e9n\u00e9tique"},"content":{"rendered":"<div class=\"wpb-content-wrapper\"><p>[vc_row][vc_column][vc_column_text]<\/p>\n<section class=\"wpb_row vc_row-fluid\">\n<div class=\"container\">\n<div class=\"row\">\n<div class=\"wpb_column vc_column_container vc_col-sm-12\">\n<div class=\"vc_column-inner\">\n<div class=\"wpb_wrapper \">\n<div class=\"wpb_text_column wpb_content_element \">\n<div class=\"wpb_wrapper\">\n<h3>Sur ce th\u00e8me, vous trouverez ci-dessous<\/h3>\n<ul>\n<li>les r\u00e9f\u00e9rences vers des<strong> articles <\/strong>qui nous sont signal\u00e9s par les membres de la SEII , ou qui sont \u00e9crits par des membres de la SEII mais non publi\u00e9s dans d\u2019autres m\u00e9dias ;<\/li>\n<li>des <strong>compte-rendus de livres.<br \/>\n<\/strong><\/li>\n<\/ul>\n<p><em>(NB: les cibles des liens s\u2019ouvrent toujours dans une nouvelle fen\u00eatre)<\/em><\/p>\n<\/div>\n<\/div>\n<\/div>\n<\/div>\n<\/div>\n<\/div>\n<\/div>\n<\/section>\n<p>[\/vc_column_text][\/vc_column][\/vc_row][vc_row][vc_column]\t\n\t<!-- Element: OT Blog List -->\n\t<ul class=\"blog-list\">  \n\t\t       \n    <\/ul>\n\n    <div class=\"pagination w100 text-center\">\n        \t\t\n    <\/div>\n        \n[\/vc_column][\/vc_row]<\/p>\n<\/div>","protected":false},"excerpt":{"rendered":"<p>[vc_row][vc_column][vc_column_text] Sur ce th\u00e8me, vous trouverez ci-dessous les r\u00e9f\u00e9rences vers des articles qui nous sont signal\u00e9s par les membres de la SEII , ou qui sont \u00e9crits par des membres de la SEII mais non publi\u00e9s dans d\u2019autres m\u00e9dias ; des compte-rendus de livres. (NB: les cibles des liens s\u2019ouvrent toujours dans une nouvelle fen\u00eatre) [&hellip;]<\/p>\n","protected":false},"author":3,"featured_media":0,"parent":0,"menu_order":0,"comment_status":"closed","ping_status":"closed","template":"","meta":{"footnotes":""},"class_list":["post-5090","page","type-page","status-publish","hentry"],"_links":{"self":[{"href":"https:\/\/seii.org\/en\/wp-json\/wp\/v2\/pages\/5090","targetHints":{"allow":["GET"]}}],"collection":[{"href":"https:\/\/seii.org\/en\/wp-json\/wp\/v2\/pages"}],"about":[{"href":"https:\/\/seii.org\/en\/wp-json\/wp\/v2\/types\/page"}],"author":[{"embeddable":true,"href":"https:\/\/seii.org\/en\/wp-json\/wp\/v2\/users\/3"}],"replies":[{"embeddable":true,"href":"https:\/\/seii.org\/en\/wp-json\/wp\/v2\/comments?post=5090"}],"version-history":[{"count":0,"href":"https:\/\/seii.org\/en\/wp-json\/wp\/v2\/pages\/5090\/revisions"}],"wp:attachment":[{"href":"https:\/\/seii.org\/en\/wp-json\/wp\/v2\/media?parent=5090"}],"curies":[{"name":"wp","href":"https:\/\/api.w.org\/{rel}","templated":true}]}}