{"id":3494,"date":"2021-08-29T23:00:52","date_gmt":"2021-08-29T21:00:52","guid":{"rendered":"https:\/\/seii.org\/?page_id=3494"},"modified":"2026-01-19T19:16:14","modified_gmt":"2026-01-19T18:16:14","slug":"seii-digests-new","status":"publish","type":"page","link":"https:\/\/seii.org\/en\/seii-digests-new\/","title":{"rendered":"SEII Digests"},"content":{"rendered":"<div class=\"wpb-content-wrapper\"><p>[vc_row][vc_column][vc_column_text css=&#8221;.vc_custom_1744907016401{padding-top: 0px !important;padding-bottom: 0px !important;}&#8221;]<\/p>\n<h3><strong>Les digests visent \u00e0 partager \u00e0 l\u2019intention d\u2019un large public une expertise qui nous a \u00e9t\u00e9 communiqu\u00e9e par des sp\u00e9cialistes particuli\u00e8rement comp\u00e9tents dans un domaine.<\/strong><\/h3>\n<p>Cette expertise peut nous avoir \u00e9t\u00e9 communiqu\u00e9e lors d&#8217;une conf\u00e9rence ou d&#8217;un webinaire, ou encore par la transmission d&#8217;un ouvrage avec autorisation d&#8217;en reproduire des passages. Nous en donnons un compte-rendu fid\u00e8le, en suivant le fil conducteur de\u00a0 l&#8217;expos\u00e9 ou de l&#8217;ouvrage.\u00a0Il se peut aussi que d&#8217;initiative un ou des membres de la SEII donnent une analyse critique d&#8217;un livre jug\u00e9 int\u00e9ressant, en prenant alors la responsabilit\u00e9 de cette analyse.<\/p>\n<p>Les digests sont organis\u00e9s en s\u00e9ries de courts <strong>\u00ab \u00e9pisodes \u00bb<\/strong> (chapitres) sur un sujet particulier, diffus\u00e9s sur base <strong>hebdomadaire<\/strong>.\u00a0Vous trouverez ci-dessous les <strong>titres des s\u00e9ries termin\u00e9es, en cours ou \u00e0 venir<\/strong>. Pour acc\u00e9der au<strong> contenu des s\u00e9ries termin\u00e9es<\/strong>, ainsi qu&#8217;au contenu des <strong>\u00e9pisodes d\u00e9j\u00e0 diffus\u00e9s d&#8217;une s\u00e9rie en cours<\/strong>, veuillez cliquer sur le titre de l&#8217;\u00e9pisode correspondant\u00a0\u00a0 (<em>s\u2019ouvre dans une nouvelle fen\u00eatre).<\/em><\/p>\n<p><strong>La collection &#8220;Publications de la SEII<\/strong> \u2013 certaines s\u00e9ries sont publi\u00e9es sous la forme de <strong>livrets imprim\u00e9s reprenant l\u2019ensemble des chapitres<\/strong> de la s\u00e9rie. Elles sont mises en vente au prix de 10 \u20ac lors des d\u00e9jeuners-conf\u00e9rences.\u00a0Actuellement <strong>4 livrets<\/strong> sont disponibles :<\/p>\n<ul>\n<li><strong>Digest#13 Fusion nucl\u00e9aire<\/strong><\/li>\n<li><strong>Digest#14 Fission nucl\u00e9aire<\/strong><\/li>\n<li><strong>Digest#15 Hydro\u00e9lectricit\u00e9<\/strong><\/li>\n<li><strong>Digest#17 L&#8217;Intelligence Artificielle dans l&#8217;industrie des proc\u00e9d\u00e9s<\/strong><\/li>\n<\/ul>\n<hr \/>\n<p>[\/vc_column_text][\/vc_column][\/vc_row][vc_row][vc_column]\t\n\t<!-- Element: OT Blog List -->\n\t<ul class=\"blog-list\">  \n\t\t       \n    <\/ul>\n\n    <div class=\"pagination w100 text-center\">\n        \t\t\n    <\/div>\n        \n[\/vc_column][\/vc_row]<\/p>\n<\/div>","protected":false},"excerpt":{"rendered":"<p>[vc_row][vc_column][vc_column_text css=&#8221;.vc_custom_1744907016401{padding-top: 0px !important;padding-bottom: 0px !important;}&#8221;] Les digests visent \u00e0 partager \u00e0 l\u2019intention d\u2019un large public une expertise qui nous a \u00e9t\u00e9 communiqu\u00e9e par des sp\u00e9cialistes particuli\u00e8rement comp\u00e9tents dans un domaine. Cette expertise peut nous avoir \u00e9t\u00e9 communiqu\u00e9e lors d&#8217;une conf\u00e9rence ou d&#8217;un webinaire, ou encore par la transmission d&#8217;un ouvrage avec autorisation d&#8217;en reproduire [&hellip;]<\/p>\n","protected":false},"author":3,"featured_media":0,"parent":0,"menu_order":0,"comment_status":"closed","ping_status":"closed","template":"","meta":{"footnotes":""},"class_list":["post-3494","page","type-page","status-publish","hentry"],"_links":{"self":[{"href":"https:\/\/seii.org\/en\/wp-json\/wp\/v2\/pages\/3494","targetHints":{"allow":["GET"]}}],"collection":[{"href":"https:\/\/seii.org\/en\/wp-json\/wp\/v2\/pages"}],"about":[{"href":"https:\/\/seii.org\/en\/wp-json\/wp\/v2\/types\/page"}],"author":[{"embeddable":true,"href":"https:\/\/seii.org\/en\/wp-json\/wp\/v2\/users\/3"}],"replies":[{"embeddable":true,"href":"https:\/\/seii.org\/en\/wp-json\/wp\/v2\/comments?post=3494"}],"version-history":[{"count":3,"href":"https:\/\/seii.org\/en\/wp-json\/wp\/v2\/pages\/3494\/revisions"}],"predecessor-version":[{"id":11717,"href":"https:\/\/seii.org\/en\/wp-json\/wp\/v2\/pages\/3494\/revisions\/11717"}],"wp:attachment":[{"href":"https:\/\/seii.org\/en\/wp-json\/wp\/v2\/media?parent=3494"}],"curies":[{"name":"wp","href":"https:\/\/api.w.org\/{rel}","templated":true}]}}