{"id":3223,"date":"2021-08-04T12:44:25","date_gmt":"2021-08-04T10:44:25","guid":{"rendered":"https:\/\/seii.org\/?page_id=3223"},"modified":"2021-08-19T15:51:44","modified_gmt":"2021-08-19T13:51:44","slug":"philosophie-des-sciences","status":"publish","type":"page","link":"https:\/\/seii.org\/en\/philosophie-des-sciences\/","title":{"rendered":"* Philosophie des Sciences"},"content":{"rendered":"<div class=\"wpb-content-wrapper\"><p>[vc_row][vc_column][vc_column_text]<\/p>\n<h3>Sur ce th\u00e8me, vous trouverez ci-dessous<\/h3>\n<ul>\n<li>les r\u00e9f\u00e9rences vers des<strong> articles <\/strong>qui nous sont signal\u00e9s par les membres de la SEII , ou qui sont \u00e9crits par des membres de la SEII mais non publi\u00e9s dans d\u2019autres m\u00e9dias ;<\/li>\n<li>des <strong>compte-rendus de livres.<\/strong><\/li>\n<\/ul>\n<p><em>NB: les cibles des liens s\u2019ouvrent toujours dans une nouvelle fen\u00eatre<\/em>[\/vc_column_text][\/vc_column][\/vc_row][vc_row][vc_column]\t\n\t<!-- Element: OT Blog List -->\n\t<ul class=\"blog-list\">  \n\t\t       \n    <\/ul>\n\n    <div class=\"pagination w100 text-center\">\n        \t\t\n    <\/div>\n        \n[\/vc_column][\/vc_row]<\/p>\n<\/div>","protected":false},"excerpt":{"rendered":"<p>[vc_row][vc_column][vc_column_text] Sur ce th\u00e8me, vous trouverez ci-dessous les r\u00e9f\u00e9rences vers des articles qui nous sont signal\u00e9s par les membres de la SEII , ou qui sont \u00e9crits par des membres de la SEII mais non publi\u00e9s dans d\u2019autres m\u00e9dias ; des compte-rendus de livres. NB: les cibles des liens s\u2019ouvrent toujours dans une nouvelle fen\u00eatre[\/vc_column_text][\/vc_column][\/vc_row][vc_row][vc_column][\/vc_column][\/vc_row]<\/p>\n","protected":false},"author":3,"featured_media":0,"parent":0,"menu_order":0,"comment_status":"closed","ping_status":"closed","template":"","meta":{"footnotes":""},"class_list":["post-3223","page","type-page","status-publish","hentry"],"_links":{"self":[{"href":"https:\/\/seii.org\/en\/wp-json\/wp\/v2\/pages\/3223","targetHints":{"allow":["GET"]}}],"collection":[{"href":"https:\/\/seii.org\/en\/wp-json\/wp\/v2\/pages"}],"about":[{"href":"https:\/\/seii.org\/en\/wp-json\/wp\/v2\/types\/page"}],"author":[{"embeddable":true,"href":"https:\/\/seii.org\/en\/wp-json\/wp\/v2\/users\/3"}],"replies":[{"embeddable":true,"href":"https:\/\/seii.org\/en\/wp-json\/wp\/v2\/comments?post=3223"}],"version-history":[{"count":0,"href":"https:\/\/seii.org\/en\/wp-json\/wp\/v2\/pages\/3223\/revisions"}],"wp:attachment":[{"href":"https:\/\/seii.org\/en\/wp-json\/wp\/v2\/media?parent=3223"}],"curies":[{"name":"wp","href":"https:\/\/api.w.org\/{rel}","templated":true}]}}