{"id":3205,"date":"2023-02-23T16:15:50","date_gmt":"2023-02-23T15:15:50","guid":{"rendered":"https:\/\/seii.org\/?page_id=3205"},"modified":"2025-01-25T16:49:01","modified_gmt":"2025-01-25T15:49:01","slug":"bibliotheque-thematique","status":"publish","type":"page","link":"https:\/\/seii.org\/en\/bibliotheque-thematique\/","title":{"rendered":"Biblioth\u00e8que th\u00e9matique"},"content":{"rendered":"<div class=\"wpb-content-wrapper\"><p>[vc_row][vc_column][vc_column_text]<\/p>\n<h3><strong>Cette rubrique contient par th\u00e8me d&#8217;int\u00e9r\u00eat (1 sous-page par th\u00e8me) :<br \/>\n<\/strong><\/h3>\n<ul>\n<li>les r\u00e9f\u00e9rences vers des<strong> articles <\/strong>qui nous sont signal\u00e9s par les membres de la SEII , ou qui sont \u00e9crits par des membres de la SEII mais non publi\u00e9s dans d&#8217;autres m\u00e9dias, et qui peuvent pr\u00e9senter un int\u00e9r\u00eat pour l&#8217;audience du site ;<\/li>\n<li>des <strong>compte-rendus de livres .<\/strong><\/li>\n<\/ul>\n<p><em>Notons que les articles de la biblioth\u00e8que ne repr\u00e9sentent en rien u<\/em><em>ne position de la SEII en tant que telle ; si, outre une information factuelle, ils refl\u00e8tent des o<\/em><em>pinions, ce sont celles de leurs auteurs.<\/em>[\/vc_column_text][\/vc_column][\/vc_row][vc_row][vc_column]\n\t<!-- Element: OT Heading --> \t \n\t<h2 class=\"ot_custom_heading  \" style=\"color: #dd3333;\" >Th\u00e8mes :<\/h2>\t\n\n\t<!-- Element: OT Heading --> \t \n\t<h3 class=\"ot_custom_heading  \" style=\"color: #4c96f7;\" ><a href=\"https:\/\/seii.org\/agriculture-ecologie\/\" title=\"\" target=\"_self\">* Agriculture, Ecologie<\/a><\/h3>\t\n\n\t<!-- Element: OT Heading --> \t \n\t<h3 class=\"ot_custom_heading  \" style=\"\" >* Catastrophes naturelles<\/h3>\t\n\n\t<!-- Element: OT Heading --> \t \n\t<h3 class=\"ot_custom_heading  \" style=\"color: #4ca2f7;\" ><a href=\"https:\/\/seii.org\/chimie\/\" title=\"\" target=\"_blank\">* Chimie<\/a><\/h3>\t\n\n\t<!-- Element: OT Heading --> \t \n\t<h3 class=\"ot_custom_heading  \" style=\"color: #4ca2f7;\" ><a href=\"https:\/\/seii.org\/climatologie\/\" title=\"\" target=\"_self\">* Climatologie<\/a><\/h3>\t\n\n\t<!-- Element: OT Heading --> \t \n\t<h3 class=\"ot_custom_heading  \" style=\"color: #4ca2f7;\" ><a href=\"https:\/\/seii.org\/construction\/\" title=\"\" target=\"_self\">* Construction<\/a><\/h3>\t\n\n\t<!-- Element: OT Heading --> \t \n\t<h3 class=\"ot_custom_heading  \" style=\"color: #278ff7;\" ><a href=\"https:\/\/seii.org\/energie\/\" title=\"\" target=\"_self\">* Energie<\/a><\/h3>\t\n\n\t<!-- Element: OT Heading --> \t \n\t<h3 class=\"ot_custom_heading  \" style=\"color: #278ff7;\" ><a href=\"https:\/\/seii.org\/espace\/\" title=\"\" target=\"_self\">* Espace<\/a><\/h3>\t\n\n\t<!-- Element: OT Heading --> \t \n\t<h3 class=\"ot_custom_heading  \" style=\"color: #0988f7;\" ><a href=\"https:\/\/seii.org\/geopolitique\/\" title=\"\" target=\"_self\">* G\u00e9opolitique<\/a><\/h3>\t\n\n\t<!-- Element: OT Heading --> \t \n\t<h3 class=\"ot_custom_heading  \" style=\"color: #279bf4;\" ><a href=\"https:\/\/seii.org\/informatique-intelligence-artificielle-cybermenaces\/\" title=\"\" target=\"_self\">* Informatique, Intelligence artificielle, Cybermenaces<\/a><\/h3>\t\n\n\t<!-- Element: OT Heading --> \t \n\t<h3 class=\"ot_custom_heading  \" style=\"color: #4ba0f4;\" ><a href=\"https:\/\/seii.org\/ingenieur-et-societe\/\" title=\"\" target=\"_self\">* Ing\u00e9nieur et soci\u00e9t\u00e9<\/a><\/h3>\t\n\n\t<!-- Element: OT Heading --> \t \n\t<h3 class=\"ot_custom_heading  \" style=\"color: #24a1f4;\" ><a href=\"https:\/\/seii.org\/medecine-biologie-genie-genetique\/\" title=\"\" target=\"_self\">* M\u00e9decine, Biologie, G\u00e9nie g\u00e9n\u00e9tique<\/a><\/h3>\t\n\n\t<!-- Element: OT Heading --> \t \n\t<h3 class=\"ot_custom_heading  \" style=\"color: #24a1f4;\" ><a href=\"https:\/\/seii.org\/philosophie-des-sciences\/\" title=\"\" target=\"_self\">* Philosophie des Sciences<\/a><\/h3>\t\n\n\t<!-- Element: OT Heading --> \t \n\t<h3 class=\"ot_custom_heading  \" style=\"color: #24a1f4;\" ><a href=\"https:\/\/seii.org\/science-fondamentale\/\" title=\"\" target=\"_self\">* Science Fondamentale<\/a><\/h3>\t\n\n\t<!-- Element: OT Heading --> \t \n\t<h3 class=\"ot_custom_heading  \" style=\"color: #27abf7;\" ><a href=\"https:\/\/seii.org\/steel-industry\/\" title=\"\" target=\"_self\">* Steel &amp; Metals Industry<\/a><\/h3>\t\n\n\t<!-- Element: OT Heading --> \t \n\t<h3 class=\"ot_custom_heading  \" style=\"color: #27abf7;\" ><a href=\"https:\/\/seii.org\/transport\/\" title=\"\" target=\"_self\">* Transport<\/a><\/h3>\t\n[\/vc_column][\/vc_row][vc_row][vc_column][\/vc_column][\/vc_row][vc_row][vc_column][\/vc_column][\/vc_row]<\/p>\n<\/div>","protected":false},"excerpt":{"rendered":"<p>[vc_row][vc_column][vc_column_text] Cette rubrique contient par th\u00e8me d&#8217;int\u00e9r\u00eat (1 sous-page par th\u00e8me) : les r\u00e9f\u00e9rences vers des articles qui nous sont signal\u00e9s par les membres de la SEII , ou qui sont \u00e9crits par des membres de la SEII mais non publi\u00e9s dans d&#8217;autres m\u00e9dias, et qui peuvent pr\u00e9senter un int\u00e9r\u00eat pour l&#8217;audience du site ; [&hellip;]<\/p>\n","protected":false},"author":3,"featured_media":0,"parent":0,"menu_order":0,"comment_status":"closed","ping_status":"closed","template":"","meta":{"footnotes":""},"class_list":["post-3205","page","type-page","status-publish","hentry"],"_links":{"self":[{"href":"https:\/\/seii.org\/en\/wp-json\/wp\/v2\/pages\/3205","targetHints":{"allow":["GET"]}}],"collection":[{"href":"https:\/\/seii.org\/en\/wp-json\/wp\/v2\/pages"}],"about":[{"href":"https:\/\/seii.org\/en\/wp-json\/wp\/v2\/types\/page"}],"author":[{"embeddable":true,"href":"https:\/\/seii.org\/en\/wp-json\/wp\/v2\/users\/3"}],"replies":[{"embeddable":true,"href":"https:\/\/seii.org\/en\/wp-json\/wp\/v2\/comments?post=3205"}],"version-history":[{"count":0,"href":"https:\/\/seii.org\/en\/wp-json\/wp\/v2\/pages\/3205\/revisions"}],"wp:attachment":[{"href":"https:\/\/seii.org\/en\/wp-json\/wp\/v2\/media?parent=3205"}],"curies":[{"name":"wp","href":"https:\/\/api.w.org\/{rel}","templated":true}]}}