{"id":2544,"date":"2021-04-29T12:12:03","date_gmt":"2021-04-29T10:12:03","guid":{"rendered":"https:\/\/seii.org\/?page_id=2544"},"modified":"2021-08-30T11:36:42","modified_gmt":"2021-08-30T09:36:42","slug":"nos-membres-dans-les-medias","status":"publish","type":"page","link":"https:\/\/seii.org\/en\/nos-membres-dans-les-medias\/","title":{"rendered":"Nos membres dans les m\u00e9dias"},"content":{"rendered":"<div class=\"wpb-content-wrapper\"><p>[vc_row][vc_column][vc_column_text]<\/p>\n<h3><strong>Vous trouverez ci-dessous une liste de liens vers des articles, pr\u00e9sentations,\u00a0 interviews publi\u00e9s dans les m\u00e9dias par des membres de la SEII .<\/strong><\/h3>\n<h3><em>Notons que ces communications refl\u00e8tent l&#8217;opinion de leurs auteurs et non une position de la SEII en tant que telle.<\/em><\/h3>\n<p><em>(NB: les cibles des liens s&#8217;ouvrent toujours dans une nouvelle fen\u00eatre)<\/em>[\/vc_column_text][\/vc_column][\/vc_row][vc_row][vc_column]\t\n\t<!-- Element: OT Blog List -->\n\t<ul class=\"blog-list\">  \n\t\t       \n    <\/ul>\n\n    <div class=\"pagination w100 text-center\">\n        \t\t\n    <\/div>\n        \n[\/vc_column][\/vc_row]<\/p>\n<\/div>","protected":false},"excerpt":{"rendered":"<p>[vc_row][vc_column][vc_column_text] Vous trouverez ci-dessous une liste de liens vers des articles, pr\u00e9sentations,\u00a0 interviews publi\u00e9s dans les m\u00e9dias par des membres de la SEII . Notons que ces communications refl\u00e8tent l&#8217;opinion de leurs auteurs et non une position de la SEII en tant que telle. (NB: les cibles des liens s&#8217;ouvrent toujours dans une nouvelle fen\u00eatre)[\/vc_column_text][\/vc_column][\/vc_row][vc_row][vc_column][\/vc_column][\/vc_row]<\/p>\n","protected":false},"author":3,"featured_media":0,"parent":0,"menu_order":0,"comment_status":"closed","ping_status":"closed","template":"","meta":{"footnotes":""},"class_list":["post-2544","page","type-page","status-publish","hentry"],"_links":{"self":[{"href":"https:\/\/seii.org\/en\/wp-json\/wp\/v2\/pages\/2544","targetHints":{"allow":["GET"]}}],"collection":[{"href":"https:\/\/seii.org\/en\/wp-json\/wp\/v2\/pages"}],"about":[{"href":"https:\/\/seii.org\/en\/wp-json\/wp\/v2\/types\/page"}],"author":[{"embeddable":true,"href":"https:\/\/seii.org\/en\/wp-json\/wp\/v2\/users\/3"}],"replies":[{"embeddable":true,"href":"https:\/\/seii.org\/en\/wp-json\/wp\/v2\/comments?post=2544"}],"version-history":[{"count":0,"href":"https:\/\/seii.org\/en\/wp-json\/wp\/v2\/pages\/2544\/revisions"}],"wp:attachment":[{"href":"https:\/\/seii.org\/en\/wp-json\/wp\/v2\/media?parent=2544"}],"curies":[{"name":"wp","href":"https:\/\/api.w.org\/{rel}","templated":true}]}}