{"id":2321,"date":"2021-02-19T19:43:27","date_gmt":"2021-02-19T18:43:27","guid":{"rendered":"https:\/\/seii.org\/?page_id=2321"},"modified":"2023-07-04T13:00:37","modified_gmt":"2023-07-04T11:00:37","slug":"evenements-recents","status":"publish","type":"page","link":"https:\/\/seii.org\/en\/evenements-recents\/","title":{"rendered":"Ev\u00e9nements pass\u00e9s"},"content":{"rendered":"<div class=\"wpb-content-wrapper\"><p>[vc_row el_class=&#8221;archive&#8221;][vc_column][vc_column_text el_class=&#8221;archive&#8221;]<\/p>\n<h2>Vous trouverez ci-dessous la liste de nos \u00e9v\u00e9nements pass\u00e9s en ordre chronologique inverse, du plus r\u00e9cent au plus ancien, avec la possibilit\u00e9 de t\u00e9l\u00e9charger certains expos\u00e9s qui ont \u00e9t\u00e9 faits \u00e0 ces occasions.<\/h2>\n<p><em>(NB: les cibles des liens s\u2019ouvrent toujours dans une nouvelle fen\u00eatre)<\/em>[\/vc_column_text][\/vc_column][\/vc_row][vc_row][vc_column]\t\n\t<!-- Element: OT Blog List -->\n\t<ul class=\"blog-list\">  \n\t\t       \n    <\/ul>\n\n    <div class=\"pagination w100 text-center\">\n        \t\t\n    <\/div>\n        \n[\/vc_column][\/vc_row][vc_row disable_element=&#8221;yes&#8221;][vc_column][vc_column_text]Ceci est un commentaire qui ne doit pas apparaitre : dans la rang\u00e9e pr\u00e9c\u00e9dente, on a modifi\u00e9 :<\/p>\n<p>&#8211; l&#8217;OT Blog List en enlevant le &#8220;yes&#8221; du bouton &#8220;Show read more button&#8221;&#8221; ==&gt; pour qu&#8217;il n&#8217;apparaisse plus<\/p>\n<p>&#8211; la rang\u00e9e en supprimant le mot &#8220;archive&#8221; dans &#8220;Nom de la classe additionnelle&#8221;[\/vc_column_text][\/vc_column][\/vc_row]<\/p>\n<\/div>","protected":false},"excerpt":{"rendered":"<p>[vc_row el_class=&#8221;archive&#8221;][vc_column][vc_column_text el_class=&#8221;archive&#8221;] Vous trouverez ci-dessous la liste de nos \u00e9v\u00e9nements pass\u00e9s en ordre chronologique inverse, du plus r\u00e9cent au plus ancien, avec la possibilit\u00e9 de t\u00e9l\u00e9charger certains expos\u00e9s qui ont \u00e9t\u00e9 faits \u00e0 ces occasions. (NB: les cibles des liens s\u2019ouvrent toujours dans une nouvelle fen\u00eatre)[\/vc_column_text][\/vc_column][\/vc_row][vc_row][vc_column][\/vc_column][\/vc_row][vc_row disable_element=&#8221;yes&#8221;][vc_column][vc_column_text]Ceci est un commentaire qui ne doit pas [&hellip;]<\/p>\n","protected":false},"author":3,"featured_media":0,"parent":0,"menu_order":0,"comment_status":"closed","ping_status":"closed","template":"","meta":{"footnotes":""},"class_list":["post-2321","page","type-page","status-publish","hentry"],"_links":{"self":[{"href":"https:\/\/seii.org\/en\/wp-json\/wp\/v2\/pages\/2321","targetHints":{"allow":["GET"]}}],"collection":[{"href":"https:\/\/seii.org\/en\/wp-json\/wp\/v2\/pages"}],"about":[{"href":"https:\/\/seii.org\/en\/wp-json\/wp\/v2\/types\/page"}],"author":[{"embeddable":true,"href":"https:\/\/seii.org\/en\/wp-json\/wp\/v2\/users\/3"}],"replies":[{"embeddable":true,"href":"https:\/\/seii.org\/en\/wp-json\/wp\/v2\/comments?post=2321"}],"version-history":[{"count":0,"href":"https:\/\/seii.org\/en\/wp-json\/wp\/v2\/pages\/2321\/revisions"}],"wp:attachment":[{"href":"https:\/\/seii.org\/en\/wp-json\/wp\/v2\/media?parent=2321"}],"curies":[{"name":"wp","href":"https:\/\/api.w.org\/{rel}","templated":true}]}}