{"id":2210,"date":"2021-02-16T10:59:53","date_gmt":"2021-02-16T09:59:53","guid":{"rendered":"https:\/\/seii.org\/?page_id=2210"},"modified":"2021-02-17T11:45:23","modified_gmt":"2021-02-17T10:45:23","slug":"evenements-anciens","status":"publish","type":"page","link":"https:\/\/seii.org\/en\/evenements-anciens\/","title":{"rendered":"Ev\u00e9nements anciens"},"content":{"rendered":"<p>Pour retrouver les informations concernant les \u00e9v\u00e9nements plus anciens, ainsi que pour avoir acc\u00e8s \u00e0 un certain nombre d\u2019articles \u00e9crits par des membres de la SEII, nous vous demandons de cliquer sur la liste que vous souhaitez consulter (<em>s&#8217;ouvre toujours dans une nouvelle fen\u00eatre<\/em>) :<\/p>\n<ul>\n<li>\u00a0<span style=\"color: #00ccff;\"><strong><a style=\"color: #00ccff;\" href=\"https:\/\/seii.org\/wp-content\/uploads\/2020\/12\/Conf\u00e9rences-et-d\u00e9jeuners-conf\u00e9rences.pdf\" target=\"_blank\" rel=\"noopener noreferrer\">Liste des anciennes conf\u00e9rences<\/a><\/strong><\/span>\u00a0 (pdf)<\/li>\n<li>\u00a0<span style=\"color: #00ccff;\"><strong><a style=\"color: #00ccff;\" href=\"https:\/\/seii.org\/wp-content\/uploads\/2020\/12\/International-conferences.pdf\" target=\"_blank\" rel=\"noopener noreferrer\">Liste des anciens colloques<\/a><\/strong><\/span>\u00a0 (pdf)<\/li>\n<li>\u00a0<span style=\"color: #00ccff;\"><strong><a style=\"color: #00ccff;\" href=\"https:\/\/seii.org\/wp-content\/uploads\/2020\/12\/Articles.pdf\" target=\"_blank\" rel=\"noopener noreferrer\">Liste d&#8217;articles \u00e9crits par des membres de la SEII<\/a><\/strong><\/span>\u00a0 (pdf)<\/li>\n<\/ul>\n<p>Une fois t\u00e9l\u00e9charg\u00e9e la liste souhait\u00e9e, vous verrez qu\u2019il est possible d\u2019obtenir une copie de certains expos\u00e9s, ainsi que des articles. Il vous suffit alors d\u2019en noter correctement la r\u00e9f\u00e9rence et de nous en demander une copie par e-mail adress\u00e9 \u00e0 <a href=\"mailto:info@seii.org\" rel=\"noopener\">info@seii.org<\/a>. Nous vous la ferons parvenir dans les meilleurs d\u00e9lais ( les demandes group\u00e9es sont \u00e9galement possibles ).<\/p>\n","protected":false},"excerpt":{"rendered":"<p>Pour retrouver les informations concernant les \u00e9v\u00e9nements plus anciens, ainsi que pour avoir acc\u00e8s \u00e0 un certain nombre d\u2019articles \u00e9crits par des membres de la SEII, nous vous demandons de cliquer sur la liste que vous souhaitez consulter (s&#8217;ouvre toujours dans une nouvelle fen\u00eatre) : \u00a0Liste des anciennes conf\u00e9rences\u00a0 (pdf) \u00a0Liste des anciens colloques\u00a0 (pdf) [&hellip;]<\/p>\n","protected":false},"author":3,"featured_media":0,"parent":0,"menu_order":0,"comment_status":"closed","ping_status":"closed","template":"","meta":{"footnotes":""},"class_list":["post-2210","page","type-page","status-publish","hentry"],"_links":{"self":[{"href":"https:\/\/seii.org\/en\/wp-json\/wp\/v2\/pages\/2210","targetHints":{"allow":["GET"]}}],"collection":[{"href":"https:\/\/seii.org\/en\/wp-json\/wp\/v2\/pages"}],"about":[{"href":"https:\/\/seii.org\/en\/wp-json\/wp\/v2\/types\/page"}],"author":[{"embeddable":true,"href":"https:\/\/seii.org\/en\/wp-json\/wp\/v2\/users\/3"}],"replies":[{"embeddable":true,"href":"https:\/\/seii.org\/en\/wp-json\/wp\/v2\/comments?post=2210"}],"version-history":[{"count":0,"href":"https:\/\/seii.org\/en\/wp-json\/wp\/v2\/pages\/2210\/revisions"}],"wp:attachment":[{"href":"https:\/\/seii.org\/en\/wp-json\/wp\/v2\/media?parent=2210"}],"curies":[{"name":"wp","href":"https:\/\/api.w.org\/{rel}","templated":true}]}}