{"id":1906,"date":"2015-07-24T03:26:17","date_gmt":"2015-07-24T03:26:17","guid":{"rendered":"http:\/\/seii.uxweb-design.com\/homepage-slider\/"},"modified":"2020-02-14T16:04:28","modified_gmt":"2020-02-14T15:04:28","slug":"homepage-slider","status":"publish","type":"page","link":"https:\/\/seii.org\/en\/","title":{"rendered":"Home"},"content":{"rendered":"<div class=\"wpb-content-wrapper\"><p>[vc_row fullwidth=&#8221;yes&#8221; el_class=&#8221;margin-slider&#8221;][vc_column]\n\t\t\t<!-- START homelight EN REVOLUTION SLIDER 6.7.33 --><p class=\"rs-p-wp-fix\"><\/p>\n\t\t\t<rs-module-wrap id=\"rev_slider_2_1_wrapper\" data-source=\"gallery\" style=\"visibility:hidden;background:#E9E9E9;padding:0;margin:0px auto;margin-top:0;margin-bottom:0;\">\n\t\t\t\t<rs-module id=\"rev_slider_2_1\" style=\"\" data-version=\"6.7.33\">\n\t\t\t\t\t<rs-slides style=\"overflow: hidden; position: absolute;\">\n\t\t\t\t\t\t<rs-slide style=\"position: absolute;\" data-key=\"rs-8\" data-title=\"Slide 1\" data-thumb=\"\/\/seii.org\/wp-content\/uploads\/2019\/11\/slide-01-100x50.jpg\" data-anim=\"ms:500;r:0;\" data-in=\"o:0;\" data-out=\"a:false;\">\n\t\t\t\t\t\t\t<img decoding=\"async\" src=\"\/\/seii.org\/wp-content\/plugins\/revslider\/sr6\/assets\/assets\/dummy.png\" alt=\"\" title=\"slide-01\" width=\"1420\" height=\"459\" class=\"rev-slidebg tp-rs-img rs-lazyload\" data-lazyload=\"\/\/seii.org\/wp-content\/uploads\/2019\/11\/slide-01.jpg\" data-bg=\"p:center top;\" data-no-retina>\n<!--\n\t\t\t\t\t\t\t--><rs-layer\n\t\t\t\t\t\t\t\tid=\"slider-2-slide-8-layer-1\" \n\t\t\t\t\t\t\t\tclass=\"big-white\"\n\t\t\t\t\t\t\t\tdata-type=\"text\"\n\t\t\t\t\t\t\t\tdata-color=\"rgba(255, 255, 255, 1)\"\n\t\t\t\t\t\t\t\tdata-rsp_ch=\"on\"\n\t\t\t\t\t\t\t\tdata-xy=\"x:r;y:150px;\"\n\t\t\t\t\t\t\t\tdata-text=\"s:16;l:22;fw:500;\"\n\t\t\t\t\t\t\t\tdata-frame_0=\"y:-50px;tp:600;\"\n\t\t\t\t\t\t\t\tdata-frame_1=\"tp:600;e:easeInOutExpo;st:400;sp:800;sR:400;\"\n\t\t\t\t\t\t\t\tdata-frame_999=\"y:-50px;o:0;tp:600;e:nothing;st:w;sp:450;sR:4800;\"\n\t\t\t\t\t\t\t\tstyle=\"z-index:5;font-family:'Roboto';text-shadow:2px 2px 2px #000;\"\n\t\t\t\t\t\t\t>\u00ab PROMOTE THE ESSENTIAL ROLE OF ENGINEERS AND <br>INDUSTRIALISTS FOR SUSTAINABLE DEVELOPMENT  \u00bb \n\t\t\t\t\t\t\t<\/rs-layer><!--\n-->\t\t\t\t\t<\/rs-slide>\n\t\t\t\t\t\t<rs-slide style=\"position: absolute;\" data-key=\"rs-9\" data-title=\"Slide 1\" data-thumb=\"\/\/seii.org\/wp-content\/uploads\/2019\/11\/slide-02-100x50.jpg\" data-anim=\"ms:500;r:0;\" data-in=\"o:0;\" data-out=\"a:false;\">\n\t\t\t\t\t\t\t<img decoding=\"async\" src=\"\/\/seii.org\/wp-content\/plugins\/revslider\/sr6\/assets\/assets\/dummy.png\" alt=\"\" title=\"slide-02\" width=\"1420\" height=\"458\" class=\"rev-slidebg tp-rs-img rs-lazyload\" data-lazyload=\"\/\/seii.org\/wp-content\/uploads\/2019\/11\/slide-02.jpg\" data-bg=\"p:center top;\" data-no-retina>\n<!--\n\t\t\t\t\t\t\t--><rs-layer\n\t\t\t\t\t\t\t\tid=\"slider-2-slide-9-layer-1\" \n\t\t\t\t\t\t\t\tclass=\"big-white\"\n\t\t\t\t\t\t\t\tdata-type=\"text\"\n\t\t\t\t\t\t\t\tdata-color=\"rgba(255, 255, 255, 1)\"\n\t\t\t\t\t\t\t\tdata-rsp_ch=\"on\"\n\t\t\t\t\t\t\t\tdata-xy=\"x:r;y:150px;\"\n\t\t\t\t\t\t\t\tdata-text=\"s:16;l:22;fw:500;\"\n\t\t\t\t\t\t\t\tdata-frame_0=\"y:-50px;tp:600;\"\n\t\t\t\t\t\t\t\tdata-frame_1=\"tp:600;e:easeInOutExpo;st:400;sp:800;sR:400;\"\n\t\t\t\t\t\t\t\tdata-frame_999=\"y:-50px;o:0;tp:600;e:nothing;st:w;sp:450;sR:4800;\"\n\t\t\t\t\t\t\t\tstyle=\"z-index:5;font-family:'Roboto';text-shadow:2px 2px 2px #000;\"\n\t\t\t\t\t\t\t>\u00ab PROMOTE THE ESSENTIAL ROLE OF ENGINEERS AND <br>INDUSTRIALISTS FOR SUSTAINABLE DEVELOPMENT  \u00bb \n\t\t\t\t\t\t\t<\/rs-layer><!--\n-->\t\t\t\t\t<\/rs-slide>\n\t\t\t\t\t\t<rs-slide style=\"position: absolute;\" data-key=\"rs-10\" data-title=\"Slide 1\" data-thumb=\"\/\/seii.org\/wp-content\/uploads\/2019\/11\/slide-03-100x50.jpg\" data-anim=\"ms:500;r:0;\" data-in=\"o:0;\" data-out=\"a:false;\">\n\t\t\t\t\t\t\t<img decoding=\"async\" src=\"\/\/seii.org\/wp-content\/plugins\/revslider\/sr6\/assets\/assets\/dummy.png\" alt=\"\" title=\"slide-03\" width=\"960\" height=\"305\" class=\"rev-slidebg tp-rs-img rs-lazyload\" data-lazyload=\"\/\/seii.org\/wp-content\/uploads\/2019\/11\/slide-03.jpg\" data-bg=\"p:center top;\" data-no-retina>\n<!--\n\t\t\t\t\t\t\t--><rs-layer\n\t\t\t\t\t\t\t\tid=\"slider-2-slide-10-layer-1\" \n\t\t\t\t\t\t\t\tclass=\"big-white\"\n\t\t\t\t\t\t\t\tdata-type=\"text\"\n\t\t\t\t\t\t\t\tdata-color=\"rgba(255, 255, 255, 1)\"\n\t\t\t\t\t\t\t\tdata-rsp_ch=\"on\"\n\t\t\t\t\t\t\t\tdata-xy=\"x:r;y:150px;\"\n\t\t\t\t\t\t\t\tdata-text=\"s:16;l:22;fw:500;\"\n\t\t\t\t\t\t\t\tdata-frame_0=\"y:-50px;tp:600;\"\n\t\t\t\t\t\t\t\tdata-frame_1=\"tp:600;e:easeInOutExpo;st:400;sp:800;sR:400;\"\n\t\t\t\t\t\t\t\tdata-frame_999=\"y:-50px;o:0;tp:600;e:nothing;st:w;sp:450;sR:4800;\"\n\t\t\t\t\t\t\t\tstyle=\"z-index:5;font-family:'Roboto';text-shadow:2px 2px 2px #000;\"\n\t\t\t\t\t\t\t>\u00ab PROMOTE THE ESSENTIAL ROLE OF ENGINEERS AND <br>INDUSTRIALISTS FOR SUSTAINABLE DEVELOPMENT  \u00bb \n\t\t\t\t\t\t\t<\/rs-layer><!--\n-->\t\t\t\t\t<\/rs-slide>\n\t\t\t\t\t\t<rs-slide style=\"position: absolute;\" data-key=\"rs-11\" data-title=\"Slide 1\" data-thumb=\"\/\/seii.org\/wp-content\/uploads\/2020\/01\/Image-1-100x50.jpg\" data-anim=\"ms:500;r:0;\" data-in=\"o:0;\" data-out=\"a:false;\">\n\t\t\t\t\t\t\t<img decoding=\"async\" src=\"\/\/seii.org\/wp-content\/plugins\/revslider\/sr6\/assets\/assets\/dummy.png\" alt=\"\" title=\"Image 1\" width=\"1280\" height=\"508\" class=\"rev-slidebg tp-rs-img rs-lazyload\" data-lazyload=\"\/\/seii.org\/wp-content\/uploads\/2020\/01\/Image-1.jpg\" data-bg=\"p:center top;\" data-no-retina>\n<!--\n\t\t\t\t\t\t\t--><rs-layer\n\t\t\t\t\t\t\t\tid=\"slider-2-slide-11-layer-1\" \n\t\t\t\t\t\t\t\tclass=\"big-white\"\n\t\t\t\t\t\t\t\tdata-type=\"text\"\n\t\t\t\t\t\t\t\tdata-color=\"rgba(255, 255, 255, 1)\"\n\t\t\t\t\t\t\t\tdata-rsp_ch=\"on\"\n\t\t\t\t\t\t\t\tdata-xy=\"x:r;y:150px;\"\n\t\t\t\t\t\t\t\tdata-text=\"s:16;l:22;fw:500;\"\n\t\t\t\t\t\t\t\tdata-frame_0=\"y:-50px;tp:600;\"\n\t\t\t\t\t\t\t\tdata-frame_1=\"tp:600;e:easeInOutExpo;st:400;sp:800;sR:400;\"\n\t\t\t\t\t\t\t\tdata-frame_999=\"y:-50px;o:0;tp:600;e:nothing;st:w;sp:450;sR:4800;\"\n\t\t\t\t\t\t\t\tstyle=\"z-index:5;font-family:'Roboto';text-shadow:2px 2px 2px #000;\"\n\t\t\t\t\t\t\t>\u00ab PROMOTE THE ESSENTIAL ROLE OF ENGINEERS AND <br>INDUSTRIALISTS FOR SUSTAINABLE DEVELOPMENT  \u00bb \n\t\t\t\t\t\t\t<\/rs-layer><!--\n-->\t\t\t\t\t<\/rs-slide>\n\t\t\t\t\t<\/rs-slides>\n\t\t\t\t<\/rs-module>\n\t\t\t\t<script>\n\t\t\t\t\tsetREVStartSize({c: 'rev_slider_2_1',rl:[1240,1024,778,480],el:[600],gw:[1170],gh:[600],type:'standard',justify:'',layout:'fullwidth',mh:\"0\"});if (window.RS_MODULES!==undefined && window.RS_MODULES.modules!==undefined && window.RS_MODULES.modules[\"revslider21\"]!==undefined) {window.RS_MODULES.modules[\"revslider21\"].once = false;window.revapi2 = undefined;if (window.RS_MODULES.checkMinimal!==undefined) window.RS_MODULES.checkMinimal()}\n\t\t\t\t<\/script>\n\t\t\t<\/rs-module-wrap>\n\t\t\t<!-- END REVOLUTION SLIDER -->\n[\/vc_column][\/vc_row][vc_row css=&#8221;.vc_custom_1578403620197{padding-top: 50px !important;padding-bottom: 15px !important;}&#8221;][vc_column][vc_column_text]<\/p>\n<div class=\"s-menu\"><a href=\"#la-seii\">What\u2019s SEII for ? <\/a> \/ <a href=\"#evenements\">Our next events<\/a> \/ <a href=\"#contact\">Contact us<\/a><\/div>\n<p>[\/vc_column_text][\/vc_column][\/vc_row][vc_row img_halfrow=&#8221;yes&#8221; halfrow_image=&#8221;1930&#8243; img_columns=&#8221;5columns&#8221; img_position=&#8221;imgright&#8221; css=&#8221;.vc_custom_1581692073239{margin-top: 10px !important;margin-bottom: 10px !important;background-color: #f9f9f9 !important;}&#8221; el_id=&#8221;la-seii&#8221;][vc_column width=&#8221;1\/2&#8243; animate=&#8221;fadeinleft&#8221; duration=&#8221;0.5&#8243;]\n\t<!-- Element: OT Heading --> \t \n\t<h2 class=\"ot_custom_heading line \" style=\"\" >What\u2019s SEII for ?<\/h2>\t\n[vc_column_text]<\/p>\n<ul>\n<li>The constant progress of science and technology forms the basis of the sustainable development of our well-being<\/li>\n<li>Engineers and industrialists play an essential role therein<\/li>\n<li>Industry suffers from a blatant lack of engineers, as the attractiveness of this profession is decreasing<\/li>\n<li>So we want to contribute to boosting the engineering profession.<\/li>\n<\/ul>\n<p>[\/vc_column_text][vc_empty_space height=&#8221;20px&#8221;]\t\t\t\n\t<!-- Element: OT Button --> \n\t\t\t<a href=\"#evenements\" target=\"_self\" class=\"btn btn-line-black btn-big  \">Discover the list of our next events<\/a>\n\t    \n[\/vc_column][\/vc_row][vc_row css=&#8221;.vc_custom_1581691963298{padding-top: 80px !important;padding-bottom: 80px !important;}&#8221; el_id=&#8221;evenements&#8221;][vc_column]\n\t<!-- Element: OT Heading --> \t \n\t<h2 class=\"ot_custom_heading line \" style=\"\" >Our next events<\/h2>\t\n\t\n\t<!-- Element: OT Blog Slider -->\n    <div class=\"clearfix\"><\/div>\t\t\t\n    <ul class=\"blog-carousel blog-list blog-snippet wow fadeInUp\" data-visible=\"2\" data-autoplay=\"false\" data-speed=\"200\" data-navspeed=\"800\" data-rewinspeed=\"1000\">\n    \t    <\/ul>\n    \n[\/vc_column][\/vc_row][vc_row archi_parallax=&#8221;yes&#8221; css=&#8221;.vc_custom_1571746137532{padding-top: 100px !important;padding-bottom: 100px !important;background-image: url(http:\/\/seii.org\/wp-content\/uploads\/2019\/10\/image-2-1.jpg?id=1498) !important;background-position: center !important;background-repeat: no-repeat !important;background-size: cover !important;}&#8221;][vc_column animate=&#8221;fadeinup&#8221; delay=&#8221;0.5&#8243;][vc_column_text]<\/p>\n<blockquote>\n<p>\u00ab Engineers and industrialists: together to guarantee our future in the long term \u00bb<\/p>\n<\/blockquote>\n<p>[\/vc_column_text][\/vc_column][\/vc_row][vc_row css=&#8221;.vc_custom_1578404014605{padding-top: 80px !important;padding-bottom: 50px !important;}&#8221; el_id=&#8221;contact&#8221; el_class=&#8221;contact&#8221;][vc_column width=&#8221;1\/2&#8243; animate=&#8221;fadeinleft&#8221; delay=&#8221;0.5&#8243; css=&#8221;.vc_custom_1578403364572{padding-bottom: 30px !important;background-color: #f4f4f4 !important;}&#8221;][vc_row_inner][vc_column_inner]\n\t<!-- Element: OT Heading --> \t \n\t<h2 class=\"ot_custom_heading line \" style=\"\" >Contact us<\/h2>\t\n[vc_column_text]SEII has its offices in the premises of the University Foundation, in the heart of Brussels, near the Royal Academy of Belgium<br \/>\n[\/vc_column_text][vc_column_text]<i class=\"fa fa-hand-o-right\" aria-hidden=\"true\"> Official name : \u201cSoci\u00e9t\u00e9 Europ\u00e9enne des Ing\u00e9nieurs et des Industriels, ASBL<\/i><br \/>\n<i class=\"fa fa-hand-o-right\" aria-hidden=\"true\"> Acronym : SEII<\/i><br \/>\n<i class=\"fa fa-hand-o-right\" aria-hidden=\"true\"> Headquarters : c\/o Fondation Universitaire Stichting, 11 rue d\u2019Egmontstraat Bussels ( Belgium )<\/i><br \/>\n<i class=\"fa fa-hand-o-right\" aria-hidden=\"true\"> Business number : 0471 474 339<\/i><br \/>\n<i class=\"fa fa-hand-o-right\" aria-hidden=\"true\"> Bank : IBAN BE63 3101 3976 9208 \u2013 BIC BBRUBEBB<\/i><br \/>\n<i class=\"fa fa-hand-o-right\" aria-hidden=\"true\"> info@seii.org \u2013 www.seii.org <\/i>[\/vc_column_text][\/vc_column_inner][\/vc_row_inner]\n\t<!-- Element: OT Heading --> \t \n\t<h5 class=\"ot_custom_heading  \" style=\"\" >To contact us directly :<\/h5>\t\n\n<div class=\"wpcf7 no-js\" id=\"wpcf7-f1934-o1\" lang=\"fr-BE\" dir=\"ltr\" data-wpcf7-id=\"1934\">\n<div class=\"screen-reader-response\"><p role=\"status\" aria-live=\"polite\" aria-atomic=\"true\"><\/p> <ul><\/ul><\/div>\n<form action=\"\/en\/wp-json\/wp\/v2\/pages\/1906#wpcf7-f1934-o1\" method=\"post\" class=\"wpcf7-form init\" aria-label=\"Contact form\" novalidate=\"novalidate\" data-status=\"init\">\n<fieldset class=\"hidden-fields-container\"><input type=\"hidden\" name=\"_wpcf7\" value=\"1934\" \/><input type=\"hidden\" name=\"_wpcf7_version\" value=\"6.1.5\" \/><input type=\"hidden\" name=\"_wpcf7_locale\" value=\"fr_BE\" \/><input type=\"hidden\" name=\"_wpcf7_unit_tag\" value=\"wpcf7-f1934-o1\" \/><input type=\"hidden\" name=\"_wpcf7_container_post\" value=\"0\" \/><input type=\"hidden\" name=\"_wpcf7_posted_data_hash\" value=\"\" \/><input type=\"hidden\" name=\"_wpcf7_recaptcha_response\" value=\"\" \/>\n<\/fieldset>\n<div class=\"row\">\n\t<div class=\"col-md-4\">\n\t\t<div>\n\t\t\t<p><span class=\"wpcf7-form-control-wrap\" data-name=\"your-name\"><input size=\"40\" maxlength=\"400\" class=\"wpcf7-form-control wpcf7-text wpcf7-validates-as-required\" aria-required=\"true\" aria-invalid=\"false\" placeholder=\"Surname\" value=\"\" type=\"text\" name=\"your-name\" \/><\/span>\n\t\t\t<\/p>\n\t\t<\/div>\n\t<\/div>\n\t<div class=\"col-md-4\">\n\t\t<div>\n\t\t\t<p><span class=\"wpcf7-form-control-wrap\" data-name=\"your-s-name\"><input size=\"40\" maxlength=\"400\" class=\"wpcf7-form-control wpcf7-text wpcf7-validates-as-required\" aria-required=\"true\" aria-invalid=\"false\" placeholder=\"First name\" value=\"\" type=\"text\" name=\"your-s-name\" \/><\/span>\n\t\t\t<\/p>\n\t\t<\/div>\n\t<\/div>\n\t<div class=\"col-md-4\">\n\t\t<div>\n\t\t\t<p><span class=\"wpcf7-form-control-wrap\" data-name=\"your-email\"><input size=\"40\" maxlength=\"400\" class=\"wpcf7-form-control wpcf7-email wpcf7-validates-as-required wpcf7-text wpcf7-validates-as-email\" aria-required=\"true\" aria-invalid=\"false\" placeholder=\"E-mail\" value=\"\" type=\"email\" name=\"your-email\" \/><\/span>\n\t\t\t<\/p>\n\t\t<\/div>\n\t<\/div>\n\t<div class=\"col-md-12\">\n\t\t<div>\n\t\t\t<p><span class=\"wpcf7-form-control-wrap\" data-name=\"message\"><textarea cols=\"40\" rows=\"10\" maxlength=\"2000\" class=\"wpcf7-form-control wpcf7-textarea wpcf7-validates-as-required\" aria-required=\"true\" aria-invalid=\"false\" placeholder=\"Message\" name=\"message\"><\/textarea><\/span>\n\t\t\t<\/p>\n\t\t<\/div>\n\t<\/div>\n\t<div class=\"col-md-12\">\n\t\t<div id=\"submit\">\n\t\t\t<p><input class=\"wpcf7-form-control wpcf7-submit has-spinner\" type=\"submit\" value=\"Send\" \/>\n\t\t\t<\/p>\n\t\t<\/div>\n\t<\/div>\n<\/div><div class=\"wpcf7-response-output\" aria-hidden=\"true\"><\/div>\n<\/form>\n<\/div>\n[\/vc_column][vc_column width=&#8221;1\/2&#8243; animate=&#8221;fadinright&#8221; delay=&#8221;0.5&#8243;][vc_gmaps link=&#8221;#E-8_JTNDaWZyYW1lJTIwc3JjJTNEJTIyaHR0cHMlM0ElMkYlMkZ3d3cuZ29vZ2xlLmNvbSUyRm1hcHMlMkZlbWJlZCUzRnBiJTNEJTIxMW0xOCUyMTFtMTIlMjExbTMlMjExZDI1MTkuNTc3NzE0OTU3NjQ2JTIxMmQ0LjM2MzM0MDk1MTk0ODU1NSUyMTNkNTAuODM4OTg1Mzc5NDMwNDA1JTIxMm0zJTIxMWYwJTIxMmYwJTIxM2YwJTIxM20yJTIxMWkxMDI0JTIxMmk3NjglMjE0ZjEzLjElMjEzbTMlMjExbTIlMjExczB4NDdjM2M0ODViMDllZTY0ZiUyNTNBMHhlMzgwMWUyZDhhMWNjOGQxJTIxMnNSdWUlMjUyMGQlMjYlMjMzOSUzQkVnbW9udCUyNTIwMTElMjUyQyUyNTIwMTAwMCUyNTIwQnJ1eGVsbGVzJTI1MkMlMjUyMEJlbGdpcXVlJTIxNWUwJTIxM20yJTIxMXNmciUyMTJzbHUlMjE0djE1Nzg0MDMzOTc1MzAlMjE1bTIlMjExc2ZyJTIxMnNsdSUyMiUyMHdpZHRoJTNEJTIyNjAwJTIyJTIwaGVpZ2h0JTNEJTIyNzY3JTIyJTIwZnJhbWVib3JkZXIlM0QlMjIwJTIyJTIwc3R5bGUlM0QlMjJib3JkZXIlM0EwJTNCJTIyJTIwYWxsb3dmdWxsc2NyZWVuJTNEJTIyJTIyJTNFJTNDJTJGaWZyYW1lJTNF&#8221;][\/vc_column][\/vc_row][vc_row css=&#8221;.vc_custom_1571148974645{padding-top: 40px !important;padding-bottom: 40px !important;background-color: #00aeed !important;}&#8221;][vc_column width=&#8221;7\/12&#8243; animate=&#8221;fadeinleft&#8221; delay=&#8221;0.5&#8243;]\n\t<!-- Element: OT Heading --> \t \n\t<h1 class=\"ot_custom_heading  \" style=\"font-size: 22px;color: #ffffff;\" >By becoming a member of SEII, you give us the means to achieve our objectives<\/h1>\t\n[\/vc_column][vc_column width=&#8221;5\/12&#8243; animate=&#8221;fadinright&#8221; delay=&#8221;0.5&#8243;]\t\t\t\n\t<!-- Element: OT Button --> \n\t\t\t<a href=\"\/devenir-membre\" target=\"_self\" class=\"btn btn-line-black btn-big  b-white\">Join us !<\/a>\n\t    \n[\/vc_column][\/vc_row]<\/p>\n<\/div>","protected":false},"excerpt":{"rendered":"<p>[vc_row fullwidth=&#8221;yes&#8221; el_class=&#8221;margin-slider&#8221;][vc_column][\/vc_column][\/vc_row][vc_row css=&#8221;.vc_custom_1578403620197{padding-top: 50px !important;padding-bottom: 15px !important;}&#8221;][vc_column][vc_column_text] What\u2019s SEII for ? \/ Our next events \/ Contact us [\/vc_column_text][\/vc_column][\/vc_row][vc_row img_halfrow=&#8221;yes&#8221; halfrow_image=&#8221;1930&#8243; img_columns=&#8221;5columns&#8221; img_position=&#8221;imgright&#8221; css=&#8221;.vc_custom_1581692073239{margin-top: 10px !important;margin-bottom: 10px !important;background-color: #f9f9f9 !important;}&#8221; el_id=&#8221;la-seii&#8221;][vc_column width=&#8221;1\/2&#8243; animate=&#8221;fadeinleft&#8221; duration=&#8221;0.5&#8243;][vc_column_text] The constant progress of science and technology forms the basis of the sustainable development of our well-being Engineers and industrialists [&hellip;]<\/p>\n","protected":false},"author":1,"featured_media":0,"parent":0,"menu_order":0,"comment_status":"closed","ping_status":"closed","template":"page-templates\/template-canvas.php","meta":{"footnotes":""},"class_list":["post-1906","page","type-page","status-publish","hentry"],"_links":{"self":[{"href":"https:\/\/seii.org\/en\/wp-json\/wp\/v2\/pages\/1906","targetHints":{"allow":["GET"]}}],"collection":[{"href":"https:\/\/seii.org\/en\/wp-json\/wp\/v2\/pages"}],"about":[{"href":"https:\/\/seii.org\/en\/wp-json\/wp\/v2\/types\/page"}],"author":[{"embeddable":true,"href":"https:\/\/seii.org\/en\/wp-json\/wp\/v2\/users\/1"}],"replies":[{"embeddable":true,"href":"https:\/\/seii.org\/en\/wp-json\/wp\/v2\/comments?post=1906"}],"version-history":[{"count":0,"href":"https:\/\/seii.org\/en\/wp-json\/wp\/v2\/pages\/1906\/revisions"}],"wp:attachment":[{"href":"https:\/\/seii.org\/en\/wp-json\/wp\/v2\/media?parent=1906"}],"curies":[{"name":"wp","href":"https:\/\/api.w.org\/{rel}","templated":true}]}}